{"id":69,"date":"2018-03-09T12:52:59","date_gmt":"2018-03-09T12:52:59","guid":{"rendered":"https:\/\/avid.university\/?page_id=69"},"modified":"2020-11-11T19:31:48","modified_gmt":"2020-11-11T19:31:48","slug":"mc210-media-composer-professional-editing-ii","status":"publish","type":"page","link":"https:\/\/avid.university\/es\/mc210-media-composer-professional-editing-ii\/","title":{"rendered":"MC210 Media Composer Edici\u00f3n Profesional II"},"content":{"rendered":"<div class=\"wpb-content-wrapper\"><p>[vc_row el_id=\u00bbindivdl-hd1&#8243;][vc_column][vc_custom_heading text=\u00bbMC210 Media Composer Edici\u00f3n Profesional II\u00bb font_container=\u00bbtag:h1|text_align:center\u00bb use_theme_fonts=\u00bbyes\u00bb el_class=\u00bbtxt3&#8243;][\/vc_column][\/vc_row][vc_row el_id=\u00bbcrse-mn\u00bb css=\u00bb.vc_custom_1520592855367{margin-bottom: 40px !important;}\u00bb][vc_column][vc_column_text el_class=\u00bbtxt5&#8243;]DURACI\u00d3N[\/vc_column_text][vc_column_text el_class=\u00bbtxt6&#8243;]Avid aconseja un m\u00ednimo de 24 horas. Esto puede variar seg\u00fan el modelo de formaci\u00f3n escogida online o presencial y sobre todo la experiencia y el tiempo para el estudio. Contacta con nosotros y buscaremos tu mejor opci\u00f3n.[\/vc_column_text][vc_column_text el_class=\u00bbtxt5&#8243;]VISTA PRELIMINAR[\/vc_column_text][vc_column_text el_class=\u00bbtxt6&#8243;]Al tomar el curso de Media Composer Professional Editing II (MC210) continuar\u00e1s tu viaje a un nuevo nivel de edici\u00f3n con m\u00e1s consejos, trucos y un profundo conocimiento para distinguirte como un verdadero profesional de la edici\u00f3n.<\/p>\n<p>Con un enfoque en el trabajo de larga duraci\u00f3n, tras la finalizaci\u00f3n podr\u00e1s formar parte de un gran equipo de especialistas, aprender\u00e1s las habilidades que necesitas para automatizar el proceso de ingesta utilizando Dynamic Media Folders y organizar la media, metadatos y configuraciones. De esta forma te convertir\u00e1s en el gur\u00fa que otros buscan para que los asesores. Aprender\u00e1s sobre la gesti\u00f3n del color, c\u00f3mo trabajar con scripts y utilizar un sonido envolvente. Tambi\u00e9n aprender\u00e1s algunas t\u00e9cnicas avanzadas de composici\u00f3n, utilizando las herramientas de \u00abpaint\u00bb, AniMatte \u2122, SpectraMatte \u2122 y Avid Tracker. El curso proporciona media y proyectos dise\u00f1ados para permitirte aprender a tu propio ritmo.<\/p>\n<p>Como componente oficial de Avid Learning Series para Media Composer, Media Composer Edici\u00f3n Profesional II y su primera parte Media Composer Edici\u00f3n Profesional I, proporciona la formaci\u00f3n necesaria para obtener la credencial de Avid Certified Professional: Media Composer.[\/vc_column_text][\/vc_column][\/vc_row][vc_row][vc_column][vc_single_image image=\u00bb387&#8243; img_size=\u00bbfull\u00bb alignment=\u00bbcenter\u00bb el_class=\u00bbcrs-imgnw1&#8243;][vc_single_image image=\u00bb390&#8243; img_size=\u00bbfull\u00bb alignment=\u00bbcenter\u00bb el_class=\u00bbcrs-imgnw2&#8243;][\/vc_column][\/vc_row][vc_row css=\u00bb.vc_custom_1520592855367{margin-bottom: 40px !important;}\u00bb][vc_column][vc_column_text el_class=\u00bbtxt5&#8243;]DURACI\u00d3N[\/vc_column_text][vc_column_text el_class=\u00bbtxt6&#8243;]Avid aconseja un m\u00ednimo de 24 horas. Esto puede variar seg\u00fan el modelo de formaci\u00f3n escogida online o presencial y sobre todo la experiencia y el tiempo para el estudio. Contacta con nosotros y buscaremos tu mejor opci\u00f3n.[\/vc_column_text][vc_column_text el_class=\u00bbtxt5&#8243;]VISTA PRELIMINAR[\/vc_column_text][vc_column_text el_class=\u00bbtxt6&#8243;]Al tomar el curso de Media Composer Professional Editing II (MC210) continuar\u00e1s tu viaje a un nuevo nivel de edici\u00f3n con m\u00e1s consejos, trucos y un profundo conocimiento para distinguirte como un verdadero profesional de la edici\u00f3n.<\/p>\n<p>Con un enfoque en el trabajo de larga duraci\u00f3n, tras la finalizaci\u00f3n podr\u00e1s formar parte de un gran equipo de especialistas, aprender\u00e1s las habilidades que necesitas para automatizar el proceso de ingesta utilizando Dynamic Media Folders y organizar la media, metadatos y configuraciones. De esta forma te convertir\u00e1s en el gur\u00fa que otros buscan para que los asesores. Aprender\u00e1s sobre la gesti\u00f3n del color, c\u00f3mo trabajar con scripts y utilizar un sonido envolvente. Tambi\u00e9n aprender\u00e1s algunas t\u00e9cnicas avanzadas de composici\u00f3n, utilizando las herramientas de \u00abpaint\u00bb, AniMatte \u2122, SpectraMatte \u2122 y Avid Tracker. El curso proporciona media y proyectos dise\u00f1ados para permitirte aprender a tu propio ritmo.<\/p>\n<p>Como componente oficial de Avid Learning Series para Media Composer, Media Composer Edici\u00f3n Profesional II y su primera parte Media Composer Edici\u00f3n Profesional I, proporciona la formaci\u00f3n necesaria para obtener la credencial de Avid Certified Professional: Media Composer.[\/vc_column_text][vc_column_text el_class=\u00bbtxt5&#8243;]DIRIGIDO A:[\/vc_column_text][vc_column_text el_class=\u00bbtxt6&#8243;]Este curso est\u00e1 dise\u00f1ado para:[\/vc_column_text][vc_column_text el_class=\u00bbarrow1&#8243;]<\/p>\n<ul>\n<li>Editores<\/li>\n<li>Asistentes de Editores<\/li>\n<li>Productores multimedia<\/li>\n<\/ul>\n<p>[\/vc_column_text][vc_column_text el_class=\u00bbtxt05&#8243;]PRERREQUISITOS[\/vc_column_text][vc_column_text el_class=\u00bbarrow1&#8243;]<\/p>\n<ul>\n<li>Finalizaci\u00f3n de MC101 Media Composer Fundamentos I y MC110 Media Composer Fundamentos II o experiencia equivalente de 12 meses de edici\u00f3n a tiempo completo en Media Composer<\/li>\n<li>Finalizaci\u00f3n de MC201 Media Composer Edici\u00f3n profesional I.<\/li>\n<li>Se recomienda encarecidamente experiencia como editor, asistente de editor, director o productor.<\/li>\n<\/ul>\n<p>[\/vc_column_text][vc_column_text el_class=\u00bbtxt05&#8243;]OBJETIVOS DEL CURSO[\/vc_column_text][vc_column_text el_class=\u00bbarrow1&#8243;]<\/p>\n<ul>\n<li>Utilizar flujos de trabajo complejos.<\/li>\n<li>Prepararte para la edici\u00f3n.<\/li>\n<li>Utilizar t\u00e9cnicas de gesti\u00f3n del color.<\/li>\n<li>Personalizar ajustes \u201cSettings\u201d.<\/li>\n<li>Utilizar la edici\u00f3n basada en secuencias de comandos.<\/li>\n<li>Realizar t\u00e9cnicas de trim y timeline.<\/li>\n<li>Administrar metadatos para la salida.<\/li>\n<li>Trabajar con audio multicanal, sonido envolvente y audio ducking.<\/li>\n<li>Utilizar las herramientas de paint para solucionar problemas de imagen comunes y aplicar tratamientos.<\/li>\n<li>Utilizar las herramientas Composici\u00f3n y Tracking.<\/li>\n<li>Mejorar tu historia con VFX.<\/li>\n<li>Completar el examen de certificaci\u00f3n asociado.<\/li>\n<\/ul>\n<p>[\/vc_column_text][vc_column_text el_class=\u00bbtxt7&#8243;]BENEFICIOS[\/vc_column_text][vc_column_text el_class=\u00bbtxt06&#8243;]Avid Certified Professional es una certificaci\u00f3n tangible, reconocida por la industria, que le permite:[\/vc_column_text][vc_column_text el_class=\u00bbarrow1&#8243;]<\/p>\n<ul>\n<li>Demostrar un conjunto avanzado de habilidades en la utilizaci\u00f3n de Media Composer para crear contenidos de video profesionales de alta calidad.<\/li>\n<li>Diferenciarse de tus compa\u00f1eros<\/li>\n<li>Destacar con un curr\u00edculum que aprovecha el poder de la marca Avid con los logotipos Avid Certified, los cuales son descargables<\/li>\n<li>Obtener el reconocimiento profesional apareciendo en la lista online de usuarios certificados.<\/li>\n<\/ul>\n<p>[\/vc_column_text][vc_column_text css=\u00bb.vc_custom_1521353134406{margin-bottom: 40px !important;}\u00bb]<\/p>\n<div class=\"corse-btn\" style=\"text-align: center;\"><a class=\"btn_2 color_2\" href=\"https:\/\/avid.university\/es\/#frm-nwbg\">Escr\u00edbenos<\/a><\/div>\n<p>[\/vc_column_text][\/vc_column][\/vc_row]<\/p>\n<\/div>","protected":false},"excerpt":{"rendered":"<p>[vc_row el_id=\u00bbindivdl-hd1&#8243;][vc_column][vc_custom_heading text=\u00bbMC210 Media Composer Edici\u00f3n Profesional II\u00bb font_container=\u00bbtag:h1|text_align:center\u00bb use_theme_fonts=\u00bbyes\u00bb el_class=\u00bbtxt3&#8243;][\/vc_column][\/vc_row][vc_row el_id=\u00bbcrse-mn\u00bb css=\u00bb.vc_custom_1520592855367{margin-bottom: 40px !important;}\u00bb][vc_column][vc_column_text <\/p>\n<div class=\"txt16\"><a href=\"https:\/\/avid.university\/es\/mc210-media-composer-professional-editing-ii\/\">READ MORE <img decoding=\"async\" src=\"http:\/\/localhost\/doridabka\/images\/rd-arw.jpg\" alt=\"arrw\" class=\"blg-arw\"><\/a><\/div>\n","protected":false},"author":1,"featured_media":0,"parent":0,"menu_order":0,"comment_status":"closed","ping_status":"closed","template":"","meta":{"footnotes":""},"class_list":["post-69","page","type-page","status-publish","hentry"],"yoast_head":"<!-- This site is optimized with the Yoast SEO plugin v25.8 - https:\/\/yoast.com\/wordpress\/plugins\/seo\/ -->\n<title>MC210 Media Composer Edici\u00f3n Profesional II - Avid University<\/title>\n<meta name=\"robots\" content=\"index, follow, max-snippet:-1, max-image-preview:large, max-video-preview:-1\" \/>\n<link rel=\"canonical\" href=\"https:\/\/avid.university\/es\/mc210-media-composer-professional-editing-ii\/\" \/>\n<meta property=\"og:locale\" content=\"es_ES\" \/>\n<meta property=\"og:type\" content=\"article\" \/>\n<meta property=\"og:title\" content=\"MC210 Media Composer Edici\u00f3n Profesional II - Avid University\" \/>\n<meta property=\"og:description\" content=\"[vc_row el_id=\u00bbindivdl-hd1&#8243;][vc_column][vc_custom_heading text=\u00bbMC210 Media Composer Edici\u00f3n Profesional II\u00bb font_container=\u00bbtag:h1|text_align:center\u00bb use_theme_fonts=\u00bbyes\u00bb el_class=\u00bbtxt3&#8243;][\/vc_column][\/vc_row][vc_row el_id=\u00bbcrse-mn\u00bb css=\u00bb.vc_custom_1520592855367{margin-bottom: 40px !important;}\u00bb][vc_column][vc_column_text READ MORE\" \/>\n<meta property=\"og:url\" content=\"https:\/\/avid.university\/es\/mc210-media-composer-professional-editing-ii\/\" \/>\n<meta property=\"og:site_name\" content=\"Avid University\" \/>\n<meta property=\"article:publisher\" content=\"https:\/\/www.facebook.com\/avid.university\" \/>\n<meta property=\"article:modified_time\" content=\"2020-11-11T19:31:48+00:00\" \/>\n<meta name=\"twitter:card\" content=\"summary_large_image\" \/>\n<meta name=\"twitter:site\" content=\"@gabrielcorbella\" \/>\n<meta name=\"twitter:label1\" content=\"Tiempo de lectura\" \/>\n\t<meta name=\"twitter:data1\" content=\"8 minutos\" \/>\n<script type=\"application\/ld+json\" class=\"yoast-schema-graph\">{\"@context\":\"https:\/\/schema.org\",\"@graph\":[{\"@type\":\"WebPage\",\"@id\":\"https:\/\/avid.university\/es\/mc210-media-composer-professional-editing-ii\/\",\"url\":\"https:\/\/avid.university\/es\/mc210-media-composer-professional-editing-ii\/\",\"name\":\"MC210 Media Composer Edici\u00f3n Profesional II - Avid University\",\"isPartOf\":{\"@id\":\"https:\/\/avid.university\/es\/#website\"},\"datePublished\":\"2018-03-09T12:52:59+00:00\",\"dateModified\":\"2020-11-11T19:31:48+00:00\",\"breadcrumb\":{\"@id\":\"https:\/\/avid.university\/es\/mc210-media-composer-professional-editing-ii\/#breadcrumb\"},\"inLanguage\":\"es\",\"potentialAction\":[{\"@type\":\"ReadAction\",\"target\":[\"https:\/\/avid.university\/es\/mc210-media-composer-professional-editing-ii\/\"]}]},{\"@type\":\"BreadcrumbList\",\"@id\":\"https:\/\/avid.university\/es\/mc210-media-composer-professional-editing-ii\/#breadcrumb\",\"itemListElement\":[{\"@type\":\"ListItem\",\"position\":1,\"name\":\"Portada\",\"item\":\"https:\/\/avid.university\/\"},{\"@type\":\"ListItem\",\"position\":2,\"name\":\"MC210 Media Composer Edici\u00f3n Profesional II\"}]},{\"@type\":\"WebSite\",\"@id\":\"https:\/\/avid.university\/es\/#website\",\"url\":\"https:\/\/avid.university\/es\/\",\"name\":\"Avid University\",\"description\":\"\",\"publisher\":{\"@id\":\"https:\/\/avid.university\/es\/#organization\"},\"potentialAction\":[{\"@type\":\"SearchAction\",\"target\":{\"@type\":\"EntryPoint\",\"urlTemplate\":\"https:\/\/avid.university\/es\/?s={search_term_string}\"},\"query-input\":{\"@type\":\"PropertyValueSpecification\",\"valueRequired\":true,\"valueName\":\"search_term_string\"}}],\"inLanguage\":\"es\"},{\"@type\":\"Organization\",\"@id\":\"https:\/\/avid.university\/es\/#organization\",\"name\":\"avid.university\",\"url\":\"https:\/\/avid.university\/es\/\",\"logo\":{\"@type\":\"ImageObject\",\"inLanguage\":\"es\",\"@id\":\"https:\/\/avid.university\/es\/#\/schema\/logo\/image\/\",\"url\":\"https:\/\/avid.university\/wp-content\/uploads\/2020\/04\/logope.png\",\"contentUrl\":\"https:\/\/avid.university\/wp-content\/uploads\/2020\/04\/logope.png\",\"width\":372,\"height\":372,\"caption\":\"avid.university\"},\"image\":{\"@id\":\"https:\/\/avid.university\/es\/#\/schema\/logo\/image\/\"},\"sameAs\":[\"https:\/\/www.facebook.com\/avid.university\",\"https:\/\/x.com\/gabrielcorbella\",\"https:\/\/twitter.com\/aviduniversity\",\"https:\/\/www.linkedin.com\/in\/gabriel-corbella-eguiluz-b6153299\/\"]}]}<\/script>\n<!-- \/ Yoast SEO plugin. -->","yoast_head_json":{"title":"MC210 Media Composer Edici\u00f3n Profesional II - Avid University","robots":{"index":"index","follow":"follow","max-snippet":"max-snippet:-1","max-image-preview":"max-image-preview:large","max-video-preview":"max-video-preview:-1"},"canonical":"https:\/\/avid.university\/es\/mc210-media-composer-professional-editing-ii\/","og_locale":"es_ES","og_type":"article","og_title":"MC210 Media Composer Edici\u00f3n Profesional II - Avid University","og_description":"[vc_row el_id=\u00bbindivdl-hd1&#8243;][vc_column][vc_custom_heading text=\u00bbMC210 Media Composer Edici\u00f3n Profesional II\u00bb font_container=\u00bbtag:h1|text_align:center\u00bb use_theme_fonts=\u00bbyes\u00bb el_class=\u00bbtxt3&#8243;][\/vc_column][\/vc_row][vc_row el_id=\u00bbcrse-mn\u00bb css=\u00bb.vc_custom_1520592855367{margin-bottom: 40px !important;}\u00bb][vc_column][vc_column_text READ MORE","og_url":"https:\/\/avid.university\/es\/mc210-media-composer-professional-editing-ii\/","og_site_name":"Avid University","article_publisher":"https:\/\/www.facebook.com\/avid.university","article_modified_time":"2020-11-11T19:31:48+00:00","twitter_card":"summary_large_image","twitter_site":"@gabrielcorbella","twitter_misc":{"Tiempo de lectura":"8 minutos"},"schema":{"@context":"https:\/\/schema.org","@graph":[{"@type":"WebPage","@id":"https:\/\/avid.university\/es\/mc210-media-composer-professional-editing-ii\/","url":"https:\/\/avid.university\/es\/mc210-media-composer-professional-editing-ii\/","name":"MC210 Media Composer Edici\u00f3n Profesional II - Avid University","isPartOf":{"@id":"https:\/\/avid.university\/es\/#website"},"datePublished":"2018-03-09T12:52:59+00:00","dateModified":"2020-11-11T19:31:48+00:00","breadcrumb":{"@id":"https:\/\/avid.university\/es\/mc210-media-composer-professional-editing-ii\/#breadcrumb"},"inLanguage":"es","potentialAction":[{"@type":"ReadAction","target":["https:\/\/avid.university\/es\/mc210-media-composer-professional-editing-ii\/"]}]},{"@type":"BreadcrumbList","@id":"https:\/\/avid.university\/es\/mc210-media-composer-professional-editing-ii\/#breadcrumb","itemListElement":[{"@type":"ListItem","position":1,"name":"Portada","item":"https:\/\/avid.university\/"},{"@type":"ListItem","position":2,"name":"MC210 Media Composer Edici\u00f3n Profesional II"}]},{"@type":"WebSite","@id":"https:\/\/avid.university\/es\/#website","url":"https:\/\/avid.university\/es\/","name":"Avid University","description":"","publisher":{"@id":"https:\/\/avid.university\/es\/#organization"},"potentialAction":[{"@type":"SearchAction","target":{"@type":"EntryPoint","urlTemplate":"https:\/\/avid.university\/es\/?s={search_term_string}"},"query-input":{"@type":"PropertyValueSpecification","valueRequired":true,"valueName":"search_term_string"}}],"inLanguage":"es"},{"@type":"Organization","@id":"https:\/\/avid.university\/es\/#organization","name":"avid.university","url":"https:\/\/avid.university\/es\/","logo":{"@type":"ImageObject","inLanguage":"es","@id":"https:\/\/avid.university\/es\/#\/schema\/logo\/image\/","url":"https:\/\/avid.university\/wp-content\/uploads\/2020\/04\/logope.png","contentUrl":"https:\/\/avid.university\/wp-content\/uploads\/2020\/04\/logope.png","width":372,"height":372,"caption":"avid.university"},"image":{"@id":"https:\/\/avid.university\/es\/#\/schema\/logo\/image\/"},"sameAs":["https:\/\/www.facebook.com\/avid.university","https:\/\/x.com\/gabrielcorbella","https:\/\/twitter.com\/aviduniversity","https:\/\/www.linkedin.com\/in\/gabriel-corbella-eguiluz-b6153299\/"]}]}},"_links":{"self":[{"href":"https:\/\/avid.university\/es\/wp-json\/wp\/v2\/pages\/69","targetHints":{"allow":["GET"]}}],"collection":[{"href":"https:\/\/avid.university\/es\/wp-json\/wp\/v2\/pages"}],"about":[{"href":"https:\/\/avid.university\/es\/wp-json\/wp\/v2\/types\/page"}],"author":[{"embeddable":true,"href":"https:\/\/avid.university\/es\/wp-json\/wp\/v2\/users\/1"}],"replies":[{"embeddable":true,"href":"https:\/\/avid.university\/es\/wp-json\/wp\/v2\/comments?post=69"}],"version-history":[{"count":7,"href":"https:\/\/avid.university\/es\/wp-json\/wp\/v2\/pages\/69\/revisions"}],"predecessor-version":[{"id":416,"href":"https:\/\/avid.university\/es\/wp-json\/wp\/v2\/pages\/69\/revisions\/416"}],"wp:attachment":[{"href":"https:\/\/avid.university\/es\/wp-json\/wp\/v2\/media?parent=69"}],"curies":[{"name":"wp","href":"https:\/\/api.w.org\/{rel}","templated":true}]}}