{"id":33,"date":"2018-03-09T10:08:59","date_gmt":"2018-03-09T10:08:59","guid":{"rendered":"https:\/\/avid.university\/?page_id=33"},"modified":"2020-11-03T10:26:15","modified_gmt":"2020-11-03T10:26:15","slug":"get-certified","status":"publish","type":"page","link":"https:\/\/avid.university\/es\/get-certified\/","title":{"rendered":"Get Certified"},"content":{"rendered":"<div class=\"wpb-content-wrapper\"><p>[vc_row el_id=\u00bbabvid-hd1&#8243;][vc_column][vc_custom_heading text=\u00bbUniversity-Academy-Education\u00bb font_container=\u00bbtag:h1|text_align:center\u00bb use_theme_fonts=\u00bbyes\u00bb el_class=\u00bbtxt31 h5&#8243;][\/vc_column][\/vc_row][vc_row el_id=\u00bbavid-mtr1&#8243; el_class=\u00bbmtr\u00bb][vc_column][vc_single_image image=\u00bb189&#8243; img_size=\u00bbfull\u00bb alignment=\u00bbcenter\u00bb][vc_row_inner el_id=\u00bbarrow12&#8243;][vc_column_inner][vc_column_text]<\/p>\n<ul>\n<li>Desde Irudia creemos en la formaci\u00f3n individualizada y espec\u00edfica, por ello llevamos m\u00e1s de dos d\u00e9cadas formando a editores a lo largo del mundo. Hemos colaborado en universidades, escuelas de cine y televisi\u00f3n por todo el mundo.<\/li>\n<\/ul>\n<p>&nbsp;<\/p>\n<ul>\n<li style=\"text-align: center;\">\u00bfQuieres convertirte en usuario certificado por Avid?<\/li>\n<li style=\"text-align: center;\">\u00bfNo tienes un Avid Learning Partner cerca de ti?<\/li>\n<li style=\"text-align: center;\">\u00bfEres ya usuario certificado y quieres actualizar tu certificado?<\/li>\n<li style=\"text-align: center;\">\u00bfNecesitas sacar un mayor rendimiento a tu sistema de edici\u00f3n?<\/li>\n<\/ul>\n<p>&nbsp;<\/p>\n<ul>\n<li>Hace ya cerca de 20 a\u00f1os pusimos en funcionamiento la primera web de soporte online de Avid bajo el dominio de avidline y despu\u00e9s bajo el dominio avidcommunity. Hoy partimos de ser la primera ALP en impartir sus cursos adem\u00e1s de presencial, tambi\u00e9n de manera online. Com\u00e9ntanos lo que necesitas y nosotros te ofreceremos la mejor opci\u00f3n que se adapte a tus necesidades. Utilizando los programas de escritorio remoto como TeamViewer o LogMeIn adem\u00e1s de Skype o Hangouts conseguir\u00e1s formar parte del privilegiado del grupo de usuarios certificados por Avid.<\/li>\n<li>Ahora tienes la posibilidad de obtener la certificaci\u00f3n en Avid que llevabas tiempo buscando. Irudia siempre ha ofrecido una la formaci\u00f3n y el soporte de calidad.<\/li>\n<\/ul>\n<p>Convertirse en un usuario certificado por Avid para Media Composer verifica que pose\u00e9s una comprensi\u00f3n fundamental y la capacidad de utilizar Media Composer, junto con las habilidades b\u00e1sicas, flujos de trabajo y conceptos de edici\u00f3n no lineal en el sistema Avid Media Composer.[\/vc_column_text][\/vc_column_inner][\/vc_row_inner][\/vc_column][\/vc_row][vc_row el_id=\u00bbcrse-mn\u00bb][vc_column][vc_column_text el_class=\u00bbtxt6&#8243;]<span class=\"txt4\">Avid Certified User: Media Composer<\/span><\/p>\n<p>Convertirse en un usuario certificado de Avid para Media Composer verifica que posees una comprensi\u00f3n fundamental sobre el software y la capacidad de utilizar Media Composer, junto con una comprensi\u00f3n firme de las habilidades b\u00e1sicas, flujos de trabajo y conceptos de edici\u00f3n no lineal en el sistema Avid Media Composer.<\/p>\n<p>\u00bfEstas interesad@? Ahora es el momento!! <a href=\"mc101-media-composer-fundamentals-i\/\">M\u00e1s informaci\u00f3n<\/a>[\/vc_column_text][vc_column_text el_class=\u00bbtxt6&#8243; css=\u00bb.vc_custom_1586279548992{margin-top: 40px !important;margin-bottom: 40px !important;}\u00bb]<span class=\"txt4\">Avid Certified Professional: Media Composer<\/span><\/p>\n<p>Avid Certified Professional en Media Composer es el siguiente nivel en la certificaci\u00f3n de Media Composer, bas\u00e1ndose en las habilidades y capacidades validadas al convertirse en un Usuario Certificado de Avid para Media Composer. Lograr la certificaci\u00f3n Avid Certified Professional en Media Composer demuestra un mayor nivel de eficiencia al aplicar t\u00e9cnicas m\u00e1s avanzadas y flujos de trabajo cuidadosamente dise\u00f1ados.<\/p>\n<p>\u00bfEstas interesad@? Ahora es el momento!!!<a href=\"mc201-media-composer-professional-editing-i\/\"> M\u00e1s informaci\u00f3n<\/a><\/p>\n<div class=\"txt6\">Cualquiera de estos cursos se pueden realizar online guiado por especialistas y profesionales certificados por Avid con m\u00e1s de 20 a\u00f1os de experiencia en la docencia.<\/div>\n<p>[\/vc_column_text][\/vc_column][\/vc_row]<\/p>\n<\/div>","protected":false},"excerpt":{"rendered":"<p>[vc_row el_id=\u00bbabvid-hd1&#8243;][vc_column][vc_custom_heading text=\u00bbUniversity-Academy-Education\u00bb font_container=\u00bbtag:h1|text_align:center\u00bb use_theme_fonts=\u00bbyes\u00bb el_class=\u00bbtxt31 h5&#8243;][\/vc_column][\/vc_row][vc_row el_id=\u00bbavid-mtr1&#8243; el_class=\u00bbmtr\u00bb][vc_column][vc_single_image image=\u00bb189&#8243; img_size=\u00bbfull\u00bb alignment=\u00bbcenter\u00bb][vc_row_inner el_id=\u00bbarrow12&#8243;][vc_column_inner][vc_column_text] Desde Irudia <\/p>\n<div class=\"txt16\"><a href=\"https:\/\/avid.university\/es\/get-certified\/\">READ MORE <img decoding=\"async\" src=\"http:\/\/localhost\/doridabka\/images\/rd-arw.jpg\" alt=\"arrw\" class=\"blg-arw\"><\/a><\/div>\n","protected":false},"author":1,"featured_media":0,"parent":0,"menu_order":0,"comment_status":"closed","ping_status":"closed","template":"","meta":{"footnotes":""},"class_list":["post-33","page","type-page","status-publish","hentry"],"yoast_head":"<!-- This site is optimized with the Yoast SEO plugin v25.8 - https:\/\/yoast.com\/wordpress\/plugins\/seo\/ -->\n<title>Get Certified - Avid University<\/title>\n<meta name=\"robots\" content=\"index, follow, max-snippet:-1, max-image-preview:large, max-video-preview:-1\" \/>\n<link rel=\"canonical\" href=\"https:\/\/avid.university\/es\/get-certified\/\" \/>\n<meta property=\"og:locale\" content=\"es_ES\" \/>\n<meta property=\"og:type\" content=\"article\" \/>\n<meta property=\"og:title\" content=\"Get Certified - Avid University\" \/>\n<meta property=\"og:description\" content=\"[vc_row el_id=\u00bbabvid-hd1&#8243;][vc_column][vc_custom_heading text=\u00bbUniversity-Academy-Education\u00bb font_container=\u00bbtag:h1|text_align:center\u00bb use_theme_fonts=\u00bbyes\u00bb el_class=\u00bbtxt31 h5&#8243;][\/vc_column][\/vc_row][vc_row el_id=\u00bbavid-mtr1&#8243; el_class=\u00bbmtr\u00bb][vc_column][vc_single_image image=\u00bb189&#8243; img_size=\u00bbfull\u00bb alignment=\u00bbcenter\u00bb][vc_row_inner el_id=\u00bbarrow12&#8243;][vc_column_inner][vc_column_text] Desde Irudia READ MORE\" \/>\n<meta property=\"og:url\" content=\"https:\/\/avid.university\/es\/get-certified\/\" \/>\n<meta property=\"og:site_name\" content=\"Avid University\" \/>\n<meta property=\"article:publisher\" content=\"https:\/\/www.facebook.com\/avid.university\" \/>\n<meta property=\"article:modified_time\" content=\"2020-11-03T10:26:15+00:00\" \/>\n<meta name=\"twitter:card\" content=\"summary_large_image\" \/>\n<meta name=\"twitter:site\" content=\"@gabrielcorbella\" \/>\n<meta name=\"twitter:label1\" content=\"Tiempo de lectura\" \/>\n\t<meta name=\"twitter:data1\" content=\"3 minutos\" \/>\n<script type=\"application\/ld+json\" class=\"yoast-schema-graph\">{\"@context\":\"https:\/\/schema.org\",\"@graph\":[{\"@type\":\"WebPage\",\"@id\":\"https:\/\/avid.university\/es\/get-certified\/\",\"url\":\"https:\/\/avid.university\/es\/get-certified\/\",\"name\":\"Get Certified - Avid University\",\"isPartOf\":{\"@id\":\"https:\/\/avid.university\/es\/#website\"},\"datePublished\":\"2018-03-09T10:08:59+00:00\",\"dateModified\":\"2020-11-03T10:26:15+00:00\",\"breadcrumb\":{\"@id\":\"https:\/\/avid.university\/es\/get-certified\/#breadcrumb\"},\"inLanguage\":\"es\",\"potentialAction\":[{\"@type\":\"ReadAction\",\"target\":[\"https:\/\/avid.university\/es\/get-certified\/\"]}]},{\"@type\":\"BreadcrumbList\",\"@id\":\"https:\/\/avid.university\/es\/get-certified\/#breadcrumb\",\"itemListElement\":[{\"@type\":\"ListItem\",\"position\":1,\"name\":\"Portada\",\"item\":\"https:\/\/avid.university\/\"},{\"@type\":\"ListItem\",\"position\":2,\"name\":\"Get Certified\"}]},{\"@type\":\"WebSite\",\"@id\":\"https:\/\/avid.university\/es\/#website\",\"url\":\"https:\/\/avid.university\/es\/\",\"name\":\"Avid University\",\"description\":\"\",\"publisher\":{\"@id\":\"https:\/\/avid.university\/es\/#organization\"},\"potentialAction\":[{\"@type\":\"SearchAction\",\"target\":{\"@type\":\"EntryPoint\",\"urlTemplate\":\"https:\/\/avid.university\/es\/?s={search_term_string}\"},\"query-input\":{\"@type\":\"PropertyValueSpecification\",\"valueRequired\":true,\"valueName\":\"search_term_string\"}}],\"inLanguage\":\"es\"},{\"@type\":\"Organization\",\"@id\":\"https:\/\/avid.university\/es\/#organization\",\"name\":\"avid.university\",\"url\":\"https:\/\/avid.university\/es\/\",\"logo\":{\"@type\":\"ImageObject\",\"inLanguage\":\"es\",\"@id\":\"https:\/\/avid.university\/es\/#\/schema\/logo\/image\/\",\"url\":\"https:\/\/avid.university\/wp-content\/uploads\/2020\/04\/logope.png\",\"contentUrl\":\"https:\/\/avid.university\/wp-content\/uploads\/2020\/04\/logope.png\",\"width\":372,\"height\":372,\"caption\":\"avid.university\"},\"image\":{\"@id\":\"https:\/\/avid.university\/es\/#\/schema\/logo\/image\/\"},\"sameAs\":[\"https:\/\/www.facebook.com\/avid.university\",\"https:\/\/x.com\/gabrielcorbella\",\"https:\/\/twitter.com\/aviduniversity\",\"https:\/\/www.linkedin.com\/in\/gabriel-corbella-eguiluz-b6153299\/\"]}]}<\/script>\n<!-- \/ Yoast SEO plugin. -->","yoast_head_json":{"title":"Get Certified - Avid University","robots":{"index":"index","follow":"follow","max-snippet":"max-snippet:-1","max-image-preview":"max-image-preview:large","max-video-preview":"max-video-preview:-1"},"canonical":"https:\/\/avid.university\/es\/get-certified\/","og_locale":"es_ES","og_type":"article","og_title":"Get Certified - Avid University","og_description":"[vc_row el_id=\u00bbabvid-hd1&#8243;][vc_column][vc_custom_heading text=\u00bbUniversity-Academy-Education\u00bb font_container=\u00bbtag:h1|text_align:center\u00bb use_theme_fonts=\u00bbyes\u00bb el_class=\u00bbtxt31 h5&#8243;][\/vc_column][\/vc_row][vc_row el_id=\u00bbavid-mtr1&#8243; el_class=\u00bbmtr\u00bb][vc_column][vc_single_image image=\u00bb189&#8243; img_size=\u00bbfull\u00bb alignment=\u00bbcenter\u00bb][vc_row_inner el_id=\u00bbarrow12&#8243;][vc_column_inner][vc_column_text] Desde Irudia READ MORE","og_url":"https:\/\/avid.university\/es\/get-certified\/","og_site_name":"Avid University","article_publisher":"https:\/\/www.facebook.com\/avid.university","article_modified_time":"2020-11-03T10:26:15+00:00","twitter_card":"summary_large_image","twitter_site":"@gabrielcorbella","twitter_misc":{"Tiempo de lectura":"3 minutos"},"schema":{"@context":"https:\/\/schema.org","@graph":[{"@type":"WebPage","@id":"https:\/\/avid.university\/es\/get-certified\/","url":"https:\/\/avid.university\/es\/get-certified\/","name":"Get Certified - Avid University","isPartOf":{"@id":"https:\/\/avid.university\/es\/#website"},"datePublished":"2018-03-09T10:08:59+00:00","dateModified":"2020-11-03T10:26:15+00:00","breadcrumb":{"@id":"https:\/\/avid.university\/es\/get-certified\/#breadcrumb"},"inLanguage":"es","potentialAction":[{"@type":"ReadAction","target":["https:\/\/avid.university\/es\/get-certified\/"]}]},{"@type":"BreadcrumbList","@id":"https:\/\/avid.university\/es\/get-certified\/#breadcrumb","itemListElement":[{"@type":"ListItem","position":1,"name":"Portada","item":"https:\/\/avid.university\/"},{"@type":"ListItem","position":2,"name":"Get Certified"}]},{"@type":"WebSite","@id":"https:\/\/avid.university\/es\/#website","url":"https:\/\/avid.university\/es\/","name":"Avid University","description":"","publisher":{"@id":"https:\/\/avid.university\/es\/#organization"},"potentialAction":[{"@type":"SearchAction","target":{"@type":"EntryPoint","urlTemplate":"https:\/\/avid.university\/es\/?s={search_term_string}"},"query-input":{"@type":"PropertyValueSpecification","valueRequired":true,"valueName":"search_term_string"}}],"inLanguage":"es"},{"@type":"Organization","@id":"https:\/\/avid.university\/es\/#organization","name":"avid.university","url":"https:\/\/avid.university\/es\/","logo":{"@type":"ImageObject","inLanguage":"es","@id":"https:\/\/avid.university\/es\/#\/schema\/logo\/image\/","url":"https:\/\/avid.university\/wp-content\/uploads\/2020\/04\/logope.png","contentUrl":"https:\/\/avid.university\/wp-content\/uploads\/2020\/04\/logope.png","width":372,"height":372,"caption":"avid.university"},"image":{"@id":"https:\/\/avid.university\/es\/#\/schema\/logo\/image\/"},"sameAs":["https:\/\/www.facebook.com\/avid.university","https:\/\/x.com\/gabrielcorbella","https:\/\/twitter.com\/aviduniversity","https:\/\/www.linkedin.com\/in\/gabriel-corbella-eguiluz-b6153299\/"]}]}},"_links":{"self":[{"href":"https:\/\/avid.university\/es\/wp-json\/wp\/v2\/pages\/33","targetHints":{"allow":["GET"]}}],"collection":[{"href":"https:\/\/avid.university\/es\/wp-json\/wp\/v2\/pages"}],"about":[{"href":"https:\/\/avid.university\/es\/wp-json\/wp\/v2\/types\/page"}],"author":[{"embeddable":true,"href":"https:\/\/avid.university\/es\/wp-json\/wp\/v2\/users\/1"}],"replies":[{"embeddable":true,"href":"https:\/\/avid.university\/es\/wp-json\/wp\/v2\/comments?post=33"}],"version-history":[{"count":32,"href":"https:\/\/avid.university\/es\/wp-json\/wp\/v2\/pages\/33\/revisions"}],"predecessor-version":[{"id":261,"href":"https:\/\/avid.university\/es\/wp-json\/wp\/v2\/pages\/33\/revisions\/261"}],"wp:attachment":[{"href":"https:\/\/avid.university\/es\/wp-json\/wp\/v2\/media?parent=33"}],"curies":[{"name":"wp","href":"https:\/\/api.w.org\/{rel}","templated":true}]}}